{"id":80195,"date":"2025-02-18T11:35:13","date_gmt":"2025-02-18T10:35:13","guid":{"rendered":"https:\/\/www.hkarchitekten.at\/v74\/?page_id=80195"},"modified":"2025-10-28T22:33:32","modified_gmt":"2025-10-28T21:33:32","slug":"holzbau","status":"publish","type":"page","link":"https:\/\/www.hkarchitekten.at\/de\/expertise\/holzbau\/","title":{"rendered":"Holzbau"},"content":{"rendered":"<div style=\"--padding-top: calc(2 * var(--wp--custom--ntheme--grid--column--width)); --padding-bottom: calc(1 * var(--wp--custom--ntheme--grid--column--width)); --padding-left: calc(0 * var(--wp--custom--ntheme--grid--column--width) + var(--wp--custom--ntheme--margin--left) ); --padding-right: calc(0 * var(--wp--custom--ntheme--grid--column--width) + var(--wp--custom--ntheme--margin--right) ); --column-gap: calc(1 * var(--wp--custom--ntheme--grid--column--width)); --column-division: calc(15 * var(--wp--custom--ntheme--grid--column--width));\" class=\"n0-columns hide-on-tablet wp-block-n0-blocks-n0-columns\">\n<div class=\"n0-column alignment-top\">\n<div class=\"n0-column wp-block-n0-column\">\n<h2 class=\"wp-block-heading is-style-n0-claim-1\">Holzbau \u2013 Gegenwart und Zukunft.<\/h2>\n<\/div>\n<\/div>\n\n<div class=\"n0-column alignment-top\">\n<div class=\"n0-column wp-block-n0-column\"><\/div>\n<\/div>\n<\/div>\n\n<div style=\"--padding-top: calc(2 * var(--wp--custom--ntheme--grid--column--width)); --padding-bottom: calc(1 * var(--wp--custom--ntheme--grid--column--width)); --padding-left: calc(0 * var(--wp--custom--ntheme--grid--column--width) + var(--wp--custom--ntheme--margin--left) ); --padding-right: calc(0 * var(--wp--custom--ntheme--grid--column--width) + var(--wp--custom--ntheme--margin--right) ); --column-gap: calc(1 * var(--wp--custom--ntheme--grid--column--width)); --column-division: calc(20 * var(--wp--custom--ntheme--grid--column--width));\" class=\"n0-columns show-on-tablet wp-block-n0-blocks-n0-columns\">\n<div class=\"n0-column alignment-top\">\n<div class=\"n0-column wp-block-n0-column\">\n<h2 class=\"wp-block-heading is-style-n0-claim-1\">Holzbau \u2013 Gegenwart und Zukunft.<\/h2>\n<\/div>\n<\/div>\n\n<div class=\"n0-column alignment-top\">\n<div class=\"n0-column wp-block-n0-column\"><\/div>\n<\/div>\n<\/div>\n\n<div class=\"n0-cover is-style-n0-responsive wp-block-n0-blocks-n0-cover\"><img decoding=\"async\" width=\"1778\" height=\"1000\" src=\"https:\/\/www.hkarchitekten.at\/v74\/wp-content\/uploads\/2022\/08\/b-18_06-43.jpg\" class=\"n0-cover-image\" alt=\"B&amp;O Holzparkhaus, Bad Aibling\" style=\"object-fit: cover; object-position: 50% 50%;\" loading=\"lazy\" srcset=\"https:\/\/www.hkarchitekten.at\/v74\/wp-content\/uploads\/2022\/08\/b-18_06-43.jpg 1778w, https:\/\/www.hkarchitekten.at\/v74\/wp-content\/uploads\/2022\/08\/b-18_06-43-800x450.jpg 800w, https:\/\/www.hkarchitekten.at\/v74\/wp-content\/uploads\/2022\/08\/b-18_06-43-1600x900.jpg 1600w, https:\/\/www.hkarchitekten.at\/v74\/wp-content\/uploads\/2022\/08\/b-18_06-43-400x225.jpg 400w, https:\/\/www.hkarchitekten.at\/v74\/wp-content\/uploads\/2022\/08\/b-18_06-43-1400x787.jpg 1400w, https:\/\/www.hkarchitekten.at\/v74\/wp-content\/uploads\/2022\/08\/b-18_06-43-30x17.jpg 30w, https:\/\/www.hkarchitekten.at\/v74\/wp-content\/uploads\/2022\/08\/b-18_06-43-100x56.jpg 100w\" sizes=\"auto, (max-width: 1778px) 100vw, 1778px\" \/><\/div>\n\n<div style=\"--padding-top: calc(0 * var(--wp--custom--ntheme--grid--column--width)); --padding-bottom: calc(1 * var(--wp--custom--ntheme--grid--column--width)); --padding-left: calc(0 * var(--wp--custom--ntheme--grid--column--width) + var(--wp--custom--ntheme--margin--left) ); --padding-right: calc(0 * var(--wp--custom--ntheme--grid--column--width) + var(--wp--custom--ntheme--margin--right) ); --column-gap: calc(1 * var(--wp--custom--ntheme--grid--column--width)); --column-division: calc(18 * var(--wp--custom--ntheme--grid--column--width));\" class=\"n0-columns wp-block-n0-blocks-n0-columns\">\n<div class=\"n0-column alignment-top\">\n<div class=\"n0-column wp-block-n0-column\"><div style=\"padding-top:0;padding-bottom:0;padding-left:0;padding-right:0;margin-right:0;margin-left:0;\" class=\"n0-text is-vertically-aligned-top wp-block-n0-blocks-n0-text\">\n<div class=\"n0-spacer \" style=\"height: calc( var(--wp--custom--ntheme--grid--column--width) * 2 );\"><\/div>\n\n\n<p class=\"has-n-0-28-fl-font-size\">Das Bauen mit Holz ist unser Fachgebiet. Die sorgf\u00e4ltige Verarbeitung des nachwachsenden Rohstoffes setzt ein deutliches Zeichen f\u00fcr \u00f6kologische Verantwortung und aktiven Klimaschutz. Jeder Kubikmeter verbautes Holz bindet langfristig den Kohlenstoff von 1 Tonne CO2 aus der Atmosph\u00e4re. Unser spezifisches Interesse gilt der Weiterentwicklung von Konstruktionsprozessen. Daher arbeiten wir an der Umsetzung progressiver Holzbausysteme, die sich durch ihren hohen Grad an Vorfertigung auszeichnen. Unser Engagement erm\u00f6glicht es, innovatives Fachwissen zu generieren, das wir mit unseren Projektpartnern und einer interessierten Fach\u00f6ffentlichkeit teilen. So k\u00f6nnen wir in inspirierender Zusammenarbeit wegweisende Entw\u00fcrfe realisieren. Als Architekten sehen wir unsere Aufgaben und Qualifikationen vor allem darin, Konzepte nicht nur hinsichtlich ihrer technischen und konstruktiven Umsetzbarkeit zu \u00fcberpr\u00fcfen, sondern auch auf einer gestalterischen wie formalen Ebene zu hinterfragen. Durch diese Vertrautheit mit vielschichtigen Denk- und Entscheidungsmethoden k\u00f6nnen wir auf ein breit angelegtes Portfolio von Kompetenzen zur\u00fcckgreifen, um die Herausforderungen komplexer innovativer Planungsprozesse zu meistern.<\/p>\n\n<\/div><\/div>\n<\/div>\n\n<div class=\"n0-column alignment-top\">\n<div class=\"n0-column wp-block-n0-column\"><\/div>\n<\/div>\n<\/div>\n\n\n<div id=\"grid-apu4d10\" data-grid-id=\"grid-apu4d10\" style=\"--grid-col-count:24;\" class=\"wp-block-n0-blocks-n0-grid n0-grid auto-height\">\n<div id=\"n0id-9rw0p0o\" class=\"wp-block-n0-blocks-n0-grid-item n0-grid-item halign-left valign-top halign-right\" style=\"--cs-start:23;--cw-span:12;--rs-start:1;--rh-span:2;--cs-start-m:20;--cw-span-m:12;--rs-start-m:1;--rh-span-m:3;--cs-start-s:16;--cw-span-s:13;--rs-start-s:1;--rh-span-s:5\"> <div class=\"n0-text is-vertically-aligned-top wp-block-n0-blocks-n0-text\">\n\n<div class=\"wp-block-button is-style-n0-arrowright\"><a class=\"wp-block-button__link wp-element-button\" href=\"https:\/\/www.hkarchitekten.at\/de\/expertise\/bauen-im-bestand\/\">WEITER<\/a><\/div>\n\n<\/div><\/div>\n<\/div>\n","protected":false},"excerpt":{"rendered":"<p>Holzbau \u2013 Gegenwart und Zukunft. Holzbau \u2013 Gegenwart und Zukunft. Das Bauen mit Holz ist unser Fachgebiet. Die sorgf\u00e4ltige Verarbeitung des nachwachsenden Rohstoffes setzt ein deutliches Zeichen f\u00fcr \u00f6kologische Verantwortung und aktiven Klimaschutz. Jeder Kubikmeter verbautes Holz bindet langfristig den Kohlenstoff von 1 Tonne CO2 aus der Atmosph\u00e4re. Unser spezifisches Interesse gilt der Weiterentwicklung von Konstruktionsprozessen. Daher arbeiten wir an der Umsetzung progressiver Holzbausysteme, die sich durch ihren hohen Grad an Vorfertigung auszeichnen. Unser Engagement erm\u00f6glicht es, innovatives Fachwissen zu generieren, das wir mit unseren Projektpartnern und einer interessierten Fach\u00f6ffentlichkeit teilen. So k\u00f6nnen wir in inspirierender Zusammenarbeit wegweisende Entw\u00fcrfe realisieren. Als Architekten sehen wir unsere Aufgaben und Qualifikationen vor allem darin, Konzepte nicht nur hinsichtlich ihrer technischen und konstruktiven Umsetzbarkeit zu \u00fcberpr\u00fcfen, sondern auch auf einer gestalterischen wie formalen Ebene zu hinterfragen. Durch diese Vertrautheit mit vielschichtigen Denk- und Entscheidungsmethoden k\u00f6nnen wir auf ein breit angelegtes Portfolio von Kompetenzen zur\u00fcckgreifen, um die Herausforderungen komplexer innovativer Planungsprozesse zu meistern. WEITER<\/p>\n","protected":false},"author":9,"featured_media":0,"parent":79281,"menu_order":0,"comment_status":"closed","ping_status":"closed","template":"","meta":{"_acf_changed":false,"inline_featured_image":false,"footnotes":""},"class_list":["post-80195","page","type-page","status-publish","hentry"],"acf":[],"_links":{"self":[{"href":"https:\/\/www.hkarchitekten.at\/de\/wp-json\/wp\/v2\/pages\/80195","targetHints":{"allow":["GET"]}}],"collection":[{"href":"https:\/\/www.hkarchitekten.at\/de\/wp-json\/wp\/v2\/pages"}],"about":[{"href":"https:\/\/www.hkarchitekten.at\/de\/wp-json\/wp\/v2\/types\/page"}],"author":[{"embeddable":true,"href":"https:\/\/www.hkarchitekten.at\/de\/wp-json\/wp\/v2\/users\/9"}],"replies":[{"embeddable":true,"href":"https:\/\/www.hkarchitekten.at\/de\/wp-json\/wp\/v2\/comments?post=80195"}],"version-history":[{"count":7,"href":"https:\/\/www.hkarchitekten.at\/de\/wp-json\/wp\/v2\/pages\/80195\/revisions"}],"predecessor-version":[{"id":92060,"href":"https:\/\/www.hkarchitekten.at\/de\/wp-json\/wp\/v2\/pages\/80195\/revisions\/92060"}],"up":[{"embeddable":true,"href":"https:\/\/www.hkarchitekten.at\/de\/wp-json\/wp\/v2\/pages\/79281"}],"wp:attachment":[{"href":"https:\/\/www.hkarchitekten.at\/de\/wp-json\/wp\/v2\/media?parent=80195"}],"curies":[{"name":"wp","href":"https:\/\/api.w.org\/{rel}","templated":true}]}}