{"id":80206,"date":"2025-02-18T12:00:14","date_gmt":"2025-02-18T11:00:14","guid":{"rendered":"https:\/\/www.hkarchitekten.at\/v74\/?page_id=80206"},"modified":"2025-10-28T22:38:17","modified_gmt":"2025-10-28T21:38:17","slug":"bauen-im-bestand","status":"publish","type":"page","link":"https:\/\/www.hkarchitekten.at\/de\/expertise\/bauen-im-bestand\/","title":{"rendered":"Bauen im Bestand"},"content":{"rendered":"<div style=\"--padding-top: calc(2 * var(--wp--custom--ntheme--grid--column--width)); --padding-bottom: calc(1 * var(--wp--custom--ntheme--grid--column--width)); --padding-left: calc(0 * var(--wp--custom--ntheme--grid--column--width) + var(--wp--custom--ntheme--margin--left) ); --padding-right: calc(0 * var(--wp--custom--ntheme--grid--column--width) + var(--wp--custom--ntheme--margin--right) ); --column-gap: calc(1 * var(--wp--custom--ntheme--grid--column--width)); --column-division: calc(15 * var(--wp--custom--ntheme--grid--column--width));\" class=\"n0-columns hide-on-tablet wp-block-n0-blocks-n0-columns\">\n<div class=\"n0-column alignment-top\">\n<div class=\"n0-column wp-block-n0-column\">\n<h2 class=\"wp-block-heading is-style-n0-claim-1\">Sanierung \u2013 Geschichte und Moderne in Einklang bringen.<\/h2>\n<\/div>\n<\/div>\n\n<div class=\"n0-column alignment-top\">\n<div class=\"n0-column wp-block-n0-column\"><\/div>\n<\/div>\n<\/div>\n\n<div style=\"--padding-top: calc(2 * var(--wp--custom--ntheme--grid--column--width)); --padding-bottom: calc(1 * var(--wp--custom--ntheme--grid--column--width)); --padding-left: calc(0 * var(--wp--custom--ntheme--grid--column--width) + var(--wp--custom--ntheme--margin--left) ); --padding-right: calc(0 * var(--wp--custom--ntheme--grid--column--width) + var(--wp--custom--ntheme--margin--right) ); --column-gap: calc(1 * var(--wp--custom--ntheme--grid--column--width)); --column-division: calc(20 * var(--wp--custom--ntheme--grid--column--width));\" class=\"n0-columns show-on-tablet wp-block-n0-blocks-n0-columns\">\n<div class=\"n0-column alignment-top\">\n<div class=\"n0-column wp-block-n0-column\">\n<h2 class=\"wp-block-heading is-style-n0-claim-1\">Sanierung \u2013 Geschichte und Moderne in Einklang bringen.<\/h2>\n<\/div>\n<\/div>\n\n<div class=\"n0-column alignment-top\">\n<div class=\"n0-column wp-block-n0-column\"><\/div>\n<\/div>\n<\/div>\n\n<div class=\"n0-cover is-style-n0-responsive wp-block-n0-blocks-n0-cover\"><img decoding=\"async\" width=\"2400\" height=\"1000\" src=\"https:\/\/www.hkarchitekten.at\/v74\/wp-content\/uploads\/2019\/08\/13_24-15-Cover.jpg\" class=\"n0-cover-image\" alt=\"Ellenbogen \u201eHaus mitanand\u201c, Bezau\" style=\"object-fit: cover; object-position: 50% 50%;\" loading=\"lazy\" srcset=\"https:\/\/www.hkarchitekten.at\/v74\/wp-content\/uploads\/2019\/08\/13_24-15-Cover.jpg 2400w, https:\/\/www.hkarchitekten.at\/v74\/wp-content\/uploads\/2019\/08\/13_24-15-Cover-1000x417.jpg 1000w, https:\/\/www.hkarchitekten.at\/v74\/wp-content\/uploads\/2019\/08\/13_24-15-Cover-1200x500.jpg 1200w, https:\/\/www.hkarchitekten.at\/v74\/wp-content\/uploads\/2019\/08\/13_24-15-Cover-1600x667.jpg 1600w, https:\/\/www.hkarchitekten.at\/v74\/wp-content\/uploads\/2019\/08\/13_24-15-Cover-2000x833.jpg 2000w, https:\/\/www.hkarchitekten.at\/v74\/wp-content\/uploads\/2019\/08\/13_24-15-Cover-30x13.jpg 30w\" sizes=\"auto, (max-width: 2400px) 100vw, 2400px\" \/><\/div>\n\n<div style=\"--padding-top: calc(0 * var(--wp--custom--ntheme--grid--column--width)); --padding-bottom: calc(1 * var(--wp--custom--ntheme--grid--column--width)); --padding-left: calc(0 * var(--wp--custom--ntheme--grid--column--width) + var(--wp--custom--ntheme--margin--left) ); --padding-right: calc(0 * var(--wp--custom--ntheme--grid--column--width) + var(--wp--custom--ntheme--margin--right) ); --column-gap: calc(1 * var(--wp--custom--ntheme--grid--column--width)); --column-division: calc(18 * var(--wp--custom--ntheme--grid--column--width));\" class=\"n0-columns wp-block-n0-blocks-n0-columns\">\n<div class=\"n0-column alignment-top\">\n<div class=\"n0-column wp-block-n0-column\"><div style=\"padding-top:0;padding-bottom:0;padding-left:0;padding-right:0;margin-right:0;margin-left:0;\" class=\"n0-text is-vertically-aligned-top wp-block-n0-blocks-n0-text\">\n<div class=\"n0-spacer \" style=\"height: calc( var(--wp--custom--ntheme--grid--column--width) * 2 );\"><\/div>\n\n\n<p class=\"has-n-0-28-fl-font-size\">Sanieren ist eine anspruchsvolle Aufgabe, die den respektvollen Umgang mit historischen Bauwerken mit den Anforderungen der Gegenwart vereint. Sie erfordert ein sorgf\u00e4ltiges Gleichgewicht zwischen dem Erhalt von Substanz und der Integration moderner Funktionen. Bei jeder Sanierung stehen nicht nur technisches Fachwissen und Kreativit\u00e4t im Vordergrund, sondern auch die Bewahrung des kulturellen Erbes. Mit unserer Erfahrung gew\u00e4hrleisten wir, dass die Sanierung des Geb\u00e4udes sowohl seine Geschichte respektiert als auch den Bed\u00fcrfnissen der Zukunft gerecht wird.<\/p>\n\n<\/div><\/div>\n<\/div>\n\n<div class=\"n0-column alignment-top\">\n<div class=\"n0-column wp-block-n0-column\"><\/div>\n<\/div>\n<\/div>\n\n<div style=\"--padding-top: calc(0 * var(--wp--custom--ntheme--grid--column--width)); --padding-bottom: calc(1 * var(--wp--custom--ntheme--grid--column--width)); --padding-left: calc(0 * var(--wp--custom--ntheme--grid--column--width) + var(--wp--custom--ntheme--margin--left) ); --padding-right: calc(0 * var(--wp--custom--ntheme--grid--column--width) + var(--wp--custom--ntheme--margin--right) ); --column-gap: calc(1 * var(--wp--custom--ntheme--grid--column--width)); --column-division: calc(12 * var(--wp--custom--ntheme--grid--column--width));\" class=\"n0-columns wp-block-n0-blocks-n0-columns\">\n<div class=\"n0-column alignment-center\">\n<div class=\"n0-column wp-block-n0-column\"><div style=\"padding-top:0;padding-bottom:0;\" class=\"n0-text is-vertically-aligned-top wp-block-n0-blocks-n0-text\">\n\n<h2 class=\"wp-block-heading\">\u201eDas Planen erfordert ein tieferes Nachdenken \u00fcber das eigene Tun. Es erfordert nicht nur ein hohes Ma\u00df an Sorgfalt und Respekt, sondern auch Mut und Kreativit\u00e4t. Mit viel Fingerspitzengef\u00fchl gilt es, den Drahtseilakt zwischen dem Bewahren und dem Erneuern zu meistern.\u201c<\/h2>\n\n\n\n<h4 class=\"wp-block-heading\">DI CHRISTOPH D\u00dcNSER<\/h4>\n\n\n<div class=\"n0-spacer \" style=\"height: calc( var(--wp--custom--ntheme--grid--column--width) * 2 );\"><\/div>\n<\/div><\/div>\n<\/div>\n\n<div class=\"n0-column alignment-top\">\n<div class=\"n0-column wp-block-n0-column\">\n<figure class=\"wp-block-image size-large\"><img loading=\"lazy\" decoding=\"async\" width=\"1143\" height=\"1600\" src=\"https:\/\/www.hkarchitekten.at\/v74\/wp-content\/uploads\/2025\/02\/HK-ARCH_PARTNER_230313-055_A-Lamprecht-SW-1-1143x1600.jpg\" alt=\"\" class=\"wp-image-80219\" style=\"aspect-ratio:1;object-fit:cover\" srcset=\"https:\/\/www.hkarchitekten.at\/v74\/wp-content\/uploads\/2025\/02\/HK-ARCH_PARTNER_230313-055_A-Lamprecht-SW-1-1143x1600.jpg 1143w, https:\/\/www.hkarchitekten.at\/v74\/wp-content\/uploads\/2025\/02\/HK-ARCH_PARTNER_230313-055_A-Lamprecht-SW-1-1000x1400.jpg 1000w, https:\/\/www.hkarchitekten.at\/v74\/wp-content\/uploads\/2025\/02\/HK-ARCH_PARTNER_230313-055_A-Lamprecht-SW-1-21x30.jpg 21w, https:\/\/www.hkarchitekten.at\/v74\/wp-content\/uploads\/2025\/02\/HK-ARCH_PARTNER_230313-055_A-Lamprecht-SW-1-1714x2400.jpg 1714w\" sizes=\"auto, (max-width: 1143px) 100vw, 1143px\" \/><\/figure>\n<\/div>\n<\/div>\n<\/div>\n\n\n<div id=\"grid-52a44tq\" data-grid-id=\"grid-52a44tq\" style=\"--grid-col-count:24;\" class=\"wp-block-n0-blocks-n0-grid n0-grid auto-height\">\n<div id=\"n0id-bkojrmp\" class=\"wp-block-n0-blocks-n0-grid-item n0-grid-item halign-left valign-top\" style=\"--cs-start:23;--cw-span:12;--rs-start:1;--rh-span:2;--cs-start-m:20;--cw-span-m:12;--rs-start-m:1;--rh-span-m:3;--cs-start-s:16;--cw-span-s:13;--rs-start-s:2;--rh-span-s:5\"> <div class=\"n0-text is-vertically-aligned-top wp-block-n0-blocks-n0-text\">\n\n<div class=\"wp-block-button is-style-n0-arrowright\"><a class=\"wp-block-button__link wp-element-button\" href=\"https:\/\/www.hkarchitekten.at\/de\/expertise\/innovation\/\">WEITER<\/a><\/div>\n\n<\/div><\/div>\n<\/div>\n\n\n","protected":false},"excerpt":{"rendered":"<p>Sanierung \u2013 Geschichte und Moderne in Einklang bringen. Sanierung \u2013 Geschichte und Moderne in Einklang bringen. Sanieren ist eine anspruchsvolle Aufgabe, die den respektvollen Umgang mit historischen Bauwerken mit den Anforderungen der Gegenwart vereint. Sie erfordert ein sorgf\u00e4ltiges Gleichgewicht zwischen dem Erhalt von Substanz und der Integration moderner Funktionen. Bei jeder Sanierung stehen nicht nur technisches Fachwissen und Kreativit\u00e4t im Vordergrund, sondern auch die Bewahrung des kulturellen Erbes. Mit unserer Erfahrung gew\u00e4hrleisten wir, dass die Sanierung des Geb\u00e4udes sowohl seine Geschichte respektiert als auch den Bed\u00fcrfnissen der Zukunft gerecht wird. \u201eDas Planen erfordert ein tieferes Nachdenken \u00fcber das eigene Tun. Es erfordert nicht nur ein hohes Ma\u00df an Sorgfalt und Respekt, sondern auch Mut und Kreativit\u00e4t. Mit viel Fingerspitzengef\u00fchl gilt es, den Drahtseilakt zwischen dem Bewahren und dem Erneuern zu meistern.\u201c DI CHRISTOPH D\u00dcNSER WEITER<\/p>\n","protected":false},"author":9,"featured_media":0,"parent":79281,"menu_order":0,"comment_status":"closed","ping_status":"closed","template":"","meta":{"_acf_changed":false,"inline_featured_image":false,"footnotes":""},"class_list":["post-80206","page","type-page","status-publish","hentry"],"acf":[],"_links":{"self":[{"href":"https:\/\/www.hkarchitekten.at\/de\/wp-json\/wp\/v2\/pages\/80206","targetHints":{"allow":["GET"]}}],"collection":[{"href":"https:\/\/www.hkarchitekten.at\/de\/wp-json\/wp\/v2\/pages"}],"about":[{"href":"https:\/\/www.hkarchitekten.at\/de\/wp-json\/wp\/v2\/types\/page"}],"author":[{"embeddable":true,"href":"https:\/\/www.hkarchitekten.at\/de\/wp-json\/wp\/v2\/users\/9"}],"replies":[{"embeddable":true,"href":"https:\/\/www.hkarchitekten.at\/de\/wp-json\/wp\/v2\/comments?post=80206"}],"version-history":[{"count":0,"href":"https:\/\/www.hkarchitekten.at\/de\/wp-json\/wp\/v2\/pages\/80206\/revisions"}],"up":[{"embeddable":true,"href":"https:\/\/www.hkarchitekten.at\/de\/wp-json\/wp\/v2\/pages\/79281"}],"wp:attachment":[{"href":"https:\/\/www.hkarchitekten.at\/de\/wp-json\/wp\/v2\/media?parent=80206"}],"curies":[{"name":"wp","href":"https:\/\/api.w.org\/{rel}","templated":true}]}}