{"id":30201,"date":"2016-03-09T15:17:03","date_gmt":"2016-03-09T14:17:03","guid":{"rendered":"http:\/\/www.elmar-schmidinger.at\/hk5\/impressum\/"},"modified":"2025-10-28T23:20:13","modified_gmt":"2025-10-28T22:20:13","slug":"impressum","status":"publish","type":"page","link":"https:\/\/www.hkarchitekten.at\/v80\/de\/impressum\/","title":{"rendered":"Impressum"},"content":{"rendered":"<div class=\"n0-group is-style-n0-contentwidth\" style=\"padding-top: calc( 1 * var(--wp--custom--ntheme--grid--column--width) ); padding-bottom: calc( 1 * var(--wp--custom--ntheme--grid--column--width) ); padding-left: calc( 0 * var(--wp--custom--ntheme--margin--left) + var(--wp--custom--ntheme--margin--left) ) !important; padding-right: calc( 0 * var(--wp--custom--ntheme--margin--right) + var(--wp--custom--ntheme--margin--right) ) !important;\">\n<div class=\"wp-block-n0-blocks-n0-group n0-group-content is-style-n0-contentwidth\" style=\"--padding-top:calc(1 * var(--wp--custom--ntheme--grid--column--width));--padding-bottom:calc(1 * var(--wp--custom--ntheme--grid--column--width));--padding-left:calc(0 * var(--wp--custom--ntheme--margin--left));--padding-right:calc(0 * var(--wp--custom--ntheme--margin--right))\"><div class=\"n0-group-inner\"><h1 class=\"wp-block-post-title has-n-0-58-fl-font-size\">Impressum<\/h1><\/div><\/div>\n<\/div>\n\n<div style=\"--padding-top: calc(1 * var(--wp--custom--ntheme--grid--column--width)); --padding-bottom: calc(1 * var(--wp--custom--ntheme--grid--column--width)); --padding-left: calc(0 * var(--wp--custom--ntheme--grid--column--width) + var(--wp--custom--ntheme--margin--left) ); --padding-right: calc(0 * var(--wp--custom--ntheme--grid--column--width) + var(--wp--custom--ntheme--margin--right) ); --column-gap: calc(1 * var(--wp--custom--ntheme--grid--column--width)); --column-division: calc(12 * var(--wp--custom--ntheme--grid--column--width));\" class=\"n0-columns wp-block-n0-blocks-n0-columns\">\n<div class=\"n0-column alignment-top\">\n<div class=\"n0-column wp-block-n0-column\">\n<p>HK Architekten<\/p>\n\n\n\n<p>Hermann Kaufmann + Partner ZT GmbH<\/p>\n\n\n\n<p>Sportplatzweg 5, 6858 Schwarzach<br>T +43 5572 58174<br>F +43 5572 58174-66<\/p>\n\n\n\n<p><a href=\"mailto:office@hkarchitekten.at\">office@hkarchitekten.at<\/a> <br><a href=\"mailto:presse@hkarchitekten.at\">presse@hkarchitekten.at<\/a><br><a href=\"http:\/\/www.hkarchitekten.at\">www.hkarchitekten.at<\/a><\/p>\n\n\n\n<p><br>FB-Gericht: Landesgericht Feldkirch<br>UID: ATU39334902 FN: 131640p<\/p>\n\n\n\n<p>Mitglied bei der Kammer f\u00fcr Architekten<br>und Ingenieurkonsulenten Vorarlberg und Tirol<br>6020 Innsbruck, Mitgliedsnummer 23054<\/p>\n\n\n\n<p><br>Gewerbebeh\u00f6rde<br>Bezirkshauptmannschaft Bregenz<br><\/p>\n\n\n\n<p>Firmengr\u00fcndung<br>1983 als Einzelunternehmen<br>2002 Gr\u00fcndung der ZT GmbH<br>2018 \u00c4nderung des Firmennamens in<br>Hermann Kaufmann + Partner ZT GmbH<\/p>\n\n\n\n<p><br>Gr\u00fcnder<br><a href=\"https:\/\/www.hkarchitekten.at\/v74\/de\/team\/univ-prof-di-hermann-kaufmann\/\">Univ.-Prof. Arch. DI Hermann Kaufmann<\/a><\/p>\n\n\n\n<p>Gesch\u00e4ftsf\u00fchrung<br><a href=\"https:\/\/www.hkarchitekten.at\/v74\/de\/team\/univ-prof-di-hermann-kaufmann\/\">Univ.-Prof. Arch. DI Hermann Kaufmann<\/a><br><a href=\"https:\/\/www.hkarchitekten.at\/v74\/de\/team\/di-roland-wehinger\/\">Arch. DI Roland Wehinger<\/a><\/p>\n\n\n\n<p>Partner<br><a href=\"https:\/\/www.hkarchitekten.at\/v74\/de\/team\/di-christoph-duenser\/\">DI Christoph D\u00fcnser<\/a><br><a href=\"https:\/\/www.hkarchitekten.at\/v74\/de\/team\/di-stefan-hiebeler\/\">DI Stefan Hiebeler<\/a><\/p>\n\n\n\n<p><\/p>\n\n\n\n<h4 class=\"wp-block-heading\"><br>Architekturplanung<br>\u00d6rtliche Bauaufsicht<br>Baustellenkoordination<br>Spezialisierung &#8211; Holzbau<\/h4>\n<\/div>\n<\/div>\n\n<div class=\"n0-column alignment-top\">\n<div class=\"n0-column wp-block-n0-column\">\n<p><\/p>\n\n\n\n<p class=\"is-style-default\"><strong>Verantwortlich f\u00fcr den Inhalt<\/strong><\/p>\n\n\n\n<p>HK Architekten, Hermann Kaufmann + Partner ZT GmbH<\/p>\n\n\n\n<p>Der gesamte Inhalt dieser Website dient zur allgemeinen Information. F\u00fcr Vollst\u00e4ndigkeit, Richtigkeit und Aktualit\u00e4t \u00fcbernehmen wir keine Haftung. Wir behalten uns ausdr\u00fccklich das Recht zur \u00c4nderung und Aktualisierung vor. Externe Webseiten, zu denen wir verlinken, stehen au\u00dferhalb unseres Einflussbereichs. F\u00fcr deren Inhalt und Funktion \u00fcbernehmen wir keinerlei Haftung. Die Verwendung urheberrechtlich gesch\u00fctzter Inhalte, einschlie\u00dflich Bilder und Videos, durch Vervielf\u00e4ltigung oder Verbreitung \u2013 auch in elektronischer Form \u2013 ist ohne unsere vorherige Zustimmung untersagt.<\/p>\n\n\n\n<p>Webadministration \/ Design Entwicklung \/ Layout<br><a href=\"https:\/\/www.hkarchitekten.at\/v74\/de\/team\/ing-claire-stockley\/\">Ing. Claire Stockley<\/a><\/p>\n\n\n\n<p>Systementwicklung \/ Programmierung<br><a href=\"http:\/\/www.elmar-schmidinger.at\/\" target=\"_blank\" rel=\"noopener\">Elmar Schmidinger<\/a><\/p>\n\n\n\n<p>Designkonzept<br><a href=\"https:\/\/wmuf.at\/\" target=\"_blank\" rel=\"noopener\">wmuf.at<\/a><\/p>\n\n\n\n<p>Personenfotos<br><a href=\"https:\/\/lamprecht.biz\/\" target=\"_blank\" rel=\"noopener\">Angela Lamprecht<\/a><\/p>\n\n\n\n<p>Projektfotografien<br><a href=\"https:\/\/www.klomfar.com\/\" target=\"_blank\" rel=\"noopener\">Bruno Klomfar<\/a>, <a href=\"https:\/\/www.hkarchitekten.at\/v74\/de\/team\/di-roland-wehinger\/\">Roland Wehinger<\/a>, <a href=\"https:\/\/radon-photography.com\/\" target=\"_blank\" rel=\"noopener\">Norman Radon<\/a>, <a href=\"https:\/\/marclins.com\/de\/\" target=\"_blank\" rel=\"noopener\">Marc Lins<\/a>, Ignacio Martinez<\/p>\n\n\n\n<p>Projekttexte<br><a href=\"http:\/\/www.tinamott.com\/\" target=\"_blank\" rel=\"noopener\">Tina Mott<\/a><br><\/p>\n<\/div>\n<\/div>\n<\/div>","protected":false},"excerpt":{"rendered":"<p>HK Architekten Hermann Kaufmann + Partner ZT GmbH Sportplatzweg 5, 6858 SchwarzachT +43 5572 58174F +43 5572 58174-66 office@hkarchitekten.at presse@hkarchitekten.atwww.hkarchitekten.at FB-Gericht: Landesgericht FeldkirchUID: ATU39334902 FN: 131640p Mitglied bei der Kammer f\u00fcr Architektenund Ingenieurkonsulenten Vorarlberg und Tirol6020 Innsbruck, Mitgliedsnummer 23054 Gewerbebeh\u00f6rdeBezirkshauptmannschaft Bregenz Firmengr\u00fcndung1983 als Einzelunternehmen2002 Gr\u00fcndung der ZT GmbH2018 \u00c4nderung des Firmennamens inHermann Kaufmann + Partner ZT GmbH Gr\u00fcnderUniv.-Prof. Arch. DI Hermann Kaufmann Gesch\u00e4ftsf\u00fchrungUniv.-Prof. Arch. DI Hermann KaufmannArch. DI Roland Wehinger PartnerDI Christoph D\u00fcnserDI Stefan Hiebeler Architekturplanung\u00d6rtliche BauaufsichtBaustellenkoordinationSpezialisierung &#8211; Holzbau Verantwortlich f\u00fcr den Inhalt HK Architekten, Hermann Kaufmann + Partner ZT GmbH Der gesamte Inhalt dieser Website dient zur allgemeinen Information. F\u00fcr Vollst\u00e4ndigkeit, Richtigkeit und Aktualit\u00e4t \u00fcbernehmen wir keine Haftung. Wir behalten uns ausdr\u00fccklich das Recht zur \u00c4nderung und Aktualisierung vor. Externe Webseiten, zu denen wir verlinken, stehen au\u00dferhalb unseres Einflussbereichs. F\u00fcr deren Inhalt und Funktion \u00fcbernehmen wir keinerlei Haftung. Die Verwendung urheberrechtlich gesch\u00fctzter Inhalte, einschlie\u00dflich Bilder und Videos, durch Vervielf\u00e4ltigung oder Verbreitung \u2013 auch in elektronischer Form \u2013 ist ohne unsere vorherige Zustimmung untersagt. Webadministration \/ Design Entwicklung \/ LayoutIng. Claire Stockley Systementwicklung \/ ProgrammierungElmar Schmidinger Designkonzeptwmuf.at PersonenfotosAngela Lamprecht ProjektfotografienBruno Klomfar, Roland Wehinger, Norman Radon, Marc Lins, Ignacio Martinez ProjekttexteTina Mott<\/p>\n","protected":false},"author":2,"featured_media":0,"parent":0,"menu_order":0,"comment_status":"closed","ping_status":"closed","template":"","meta":{"_acf_changed":false,"inline_featured_image":false,"footnotes":""},"class_list":["post-30201","page","type-page","status-publish","hentry"],"acf":[],"_links":{"self":[{"href":"https:\/\/www.hkarchitekten.at\/v80\/de\/wp-json\/wp\/v2\/pages\/30201","targetHints":{"allow":["GET"]}}],"collection":[{"href":"https:\/\/www.hkarchitekten.at\/v80\/de\/wp-json\/wp\/v2\/pages"}],"about":[{"href":"https:\/\/www.hkarchitekten.at\/v80\/de\/wp-json\/wp\/v2\/types\/page"}],"author":[{"embeddable":true,"href":"https:\/\/www.hkarchitekten.at\/v80\/de\/wp-json\/wp\/v2\/users\/2"}],"replies":[{"embeddable":true,"href":"https:\/\/www.hkarchitekten.at\/v80\/de\/wp-json\/wp\/v2\/comments?post=30201"}],"version-history":[{"count":4,"href":"https:\/\/www.hkarchitekten.at\/v80\/de\/wp-json\/wp\/v2\/pages\/30201\/revisions"}],"predecessor-version":[{"id":92084,"href":"https:\/\/www.hkarchitekten.at\/v80\/de\/wp-json\/wp\/v2\/pages\/30201\/revisions\/92084"}],"wp:attachment":[{"href":"https:\/\/www.hkarchitekten.at\/v80\/de\/wp-json\/wp\/v2\/media?parent=30201"}],"curies":[{"name":"wp","href":"https:\/\/api.w.org\/{rel}","templated":true}]}}