{"id":80105,"date":"2025-02-17T16:38:41","date_gmt":"2025-02-17T15:38:41","guid":{"rendered":"https:\/\/www.hkarchitekten.at\/v74\/?page_id=80105"},"modified":"2025-10-28T16:26:49","modified_gmt":"2025-10-28T15:26:49","slug":"innovation","status":"publish","type":"page","link":"https:\/\/www.hkarchitekten.at\/v80\/de\/expertise\/innovation\/","title":{"rendered":"Innovation"},"content":{"rendered":"<div style=\"--padding-top: calc(2 * var(--wp--custom--ntheme--grid--column--width)); --padding-bottom: calc(1 * var(--wp--custom--ntheme--grid--column--width)); --padding-left: calc(0 * var(--wp--custom--ntheme--grid--column--width) + var(--wp--custom--ntheme--margin--left) ); --padding-right: calc(0 * var(--wp--custom--ntheme--grid--column--width) + var(--wp--custom--ntheme--margin--right) ); --column-gap: calc(1 * var(--wp--custom--ntheme--grid--column--width)); --column-division: calc(15 * var(--wp--custom--ntheme--grid--column--width));\" class=\"n0-columns hide-on-tablet wp-block-n0-blocks-n0-columns\">\n<div class=\"n0-column alignment-top\">\n<div class=\"n0-column wp-block-n0-column\">\n<h2 class=\"wp-block-heading is-style-n0-claim-1\">Die Grenzen des Denkbaren verschieben.<\/h2>\n<\/div>\n<\/div>\n\n<div class=\"n0-column alignment-top\">\n<div class=\"n0-column wp-block-n0-column\"><\/div>\n<\/div>\n<\/div>\n\n<div style=\"--padding-top: calc(2 * var(--wp--custom--ntheme--grid--column--width)); --padding-bottom: calc(1 * var(--wp--custom--ntheme--grid--column--width)); --padding-left: calc(0 * var(--wp--custom--ntheme--grid--column--width) + var(--wp--custom--ntheme--margin--left) ); --padding-right: calc(0 * var(--wp--custom--ntheme--grid--column--width) + var(--wp--custom--ntheme--margin--right) ); --column-gap: calc(1 * var(--wp--custom--ntheme--grid--column--width)); --column-division: calc(20 * var(--wp--custom--ntheme--grid--column--width));\" class=\"n0-columns show-on-tablet wp-block-n0-blocks-n0-columns\">\n<div class=\"n0-column alignment-top\">\n<div class=\"n0-column wp-block-n0-column\">\n<h2 class=\"wp-block-heading is-style-n0-claim-1\">Die Grenzen des Denkbaren verschieben.<\/h2>\n<\/div>\n<\/div>\n\n<div class=\"n0-column alignment-top\">\n<div class=\"n0-column wp-block-n0-column\"><\/div>\n<\/div>\n<\/div>\n\n<div class=\"n0-cover is-style-n0-responsive wp-block-n0-blocks-n0-cover\"><img decoding=\"async\" width=\"4000\" height=\"2667\" src=\"https:\/\/www.hkarchitekten.at\/v80\/wp-content\/uploads\/2025\/10\/10_35-124.jpg\" class=\"n0-cover-image\" alt=\"Innovation Seite\" style=\"object-fit: cover; object-position: 50% 90%;\" loading=\"lazy\" srcset=\"https:\/\/www.hkarchitekten.at\/v80\/wp-content\/uploads\/2025\/10\/10_35-124.jpg 4000w, https:\/\/www.hkarchitekten.at\/v80\/wp-content\/uploads\/2025\/10\/10_35-124-1600x1067.jpg 1600w, https:\/\/www.hkarchitekten.at\/v80\/wp-content\/uploads\/2025\/10\/10_35-124-1400x933.jpg 1400w, https:\/\/www.hkarchitekten.at\/v80\/wp-content\/uploads\/2025\/10\/10_35-124-1200x800.jpg 1200w, https:\/\/www.hkarchitekten.at\/v80\/wp-content\/uploads\/2025\/10\/10_35-124-800x533.jpg 800w, https:\/\/www.hkarchitekten.at\/v80\/wp-content\/uploads\/2025\/10\/10_35-124-400x267.jpg 400w, https:\/\/www.hkarchitekten.at\/v80\/wp-content\/uploads\/2025\/10\/10_35-124-30x20.jpg 30w\" sizes=\"auto, (max-width: 4000px) 100vw, 4000px\" \/><\/div>\n\n<div style=\"--padding-top: calc(0 * var(--wp--custom--ntheme--grid--column--width)); --padding-bottom: calc(1 * var(--wp--custom--ntheme--grid--column--width)); --padding-left: calc(0 * var(--wp--custom--ntheme--grid--column--width) + var(--wp--custom--ntheme--margin--left) ); --padding-right: calc(0 * var(--wp--custom--ntheme--grid--column--width) + var(--wp--custom--ntheme--margin--right) ); --column-gap: calc(0 * var(--wp--custom--ntheme--grid--column--width)); --column-division: calc(18 * var(--wp--custom--ntheme--grid--column--width));\" class=\"n0-columns wp-block-n0-blocks-n0-columns\">\n<div class=\"n0-column alignment-top\">\n<div class=\"n0-column wp-block-n0-column\"><div style=\"padding-top:0;padding-bottom:0;padding-left:0;padding-right:0;margin-right:0;margin-left:0;\" class=\"n0-text is-vertically-aligned-top wp-block-n0-blocks-n0-text\">\n<div class=\"n0-spacer \" style=\"height: calc( var(--wp--custom--ntheme--grid--column--width) * 2 );\"><\/div>\n\n\n<p class=\"has-n-0-28-fl-font-size\">Unsere angewandte Forschungsarbeit ist ausdr\u00fccklich auf die Praxis des Bauens ausgerichtet und dient keinem Selbstzweck. Wir verstehen sie als unseren Beitrag zu einer zukunftsf\u00e4higen Gesellschaft im Bereich der Architektur \u2013 mit dem Ziel, eine nachhaltige Gestaltung von Lebensr\u00e4umen zu f\u00f6rdern. Daher m\u00f6chten wir uns nicht auf unserer langj\u00e4hrigen Erfahrung ausruhen, sondern sehen sie als solide Grundlage f\u00fcr unser Vorhaben, ausgetretene Pfade zu verlassen und richtungsweisende Entwicklungen mit Begeisterung und Freude am Entdecken zu verfolgen.<\/p>\n\n\n\n<p class=\"has-n-0-28-fl-font-size\">In der modernen Architektur sind Baupraxis und Wissenschaft eng verwoben. Bauen setzt neue Erkenntnisse um und erweitert den Wissensfundus. Unsere Praxis hat, vor allem im Holzbau, schon immer Z\u00fcge empirischer Wissenschaft getragen \u2013 etwa bei der Erweiterung der Zimmerei \u00fcber Element- und Tafelbau zum heutigen Hybridbau oder der Entwicklung \u00f6kologischen Bauens von passiver Solarnutzung \u00fcber Passivhaus bis Lebenszyklusanalyse.<\/p>\n\n<\/div><\/div>\n<\/div>\n\n<div class=\"n0-column alignment-center\">\n<div class=\"n0-column wp-block-n0-column\"><\/div>\n<\/div>\n<\/div>\n\n<div style=\"--padding-top: calc(0 * var(--wp--custom--ntheme--grid--column--width)); --padding-bottom: calc(1 * var(--wp--custom--ntheme--grid--column--width)); --padding-left: calc(0 * var(--wp--custom--ntheme--grid--column--width) + var(--wp--custom--ntheme--margin--left) ); --padding-right: calc(0 * var(--wp--custom--ntheme--grid--column--width) + var(--wp--custom--ntheme--margin--right) ); --column-gap: calc(3 * var(--wp--custom--ntheme--grid--column--width)); --column-division: calc(9 * var(--wp--custom--ntheme--grid--column--width));\" class=\"n0-columns wp-block-n0-blocks-n0-columns\">\n<div class=\"n0-column alignment-center\">\n<div class=\"n0-column wp-block-n0-column\">\n<figure class=\"wp-block-image size-large has-custom-border\" style=\"margin-top:0;margin-right:0;margin-bottom:0;margin-left:0\"><img loading=\"lazy\" decoding=\"async\" width=\"1067\" height=\"1600\" src=\"https:\/\/www.hkarchitekten.at\/v74\/wp-content\/uploads\/2025\/02\/HK-ARCH_OFFICE-LIFE_230313-113_A-Lamprecht_SW-1067x1600.jpg\" alt=\"\" class=\"wp-image-80117\" style=\"border-style:none;border-width:0px;border-radius:0px;aspect-ratio:1;object-fit:cover\" srcset=\"https:\/\/www.hkarchitekten.at\/v80\/wp-content\/uploads\/2025\/02\/HK-ARCH_OFFICE-LIFE_230313-113_A-Lamprecht_SW-1067x1600.jpg 1067w, https:\/\/www.hkarchitekten.at\/v80\/wp-content\/uploads\/2025\/02\/HK-ARCH_OFFICE-LIFE_230313-113_A-Lamprecht_SW-934x1400.jpg 934w, https:\/\/www.hkarchitekten.at\/v80\/wp-content\/uploads\/2025\/02\/HK-ARCH_OFFICE-LIFE_230313-113_A-Lamprecht_SW-1600x2400.jpg 1600w, https:\/\/www.hkarchitekten.at\/v80\/wp-content\/uploads\/2025\/02\/HK-ARCH_OFFICE-LIFE_230313-113_A-Lamprecht_SW-800x1200.jpg 800w, https:\/\/www.hkarchitekten.at\/v80\/wp-content\/uploads\/2025\/02\/HK-ARCH_OFFICE-LIFE_230313-113_A-Lamprecht_SW-533x800.jpg 533w, https:\/\/www.hkarchitekten.at\/v80\/wp-content\/uploads\/2025\/02\/HK-ARCH_OFFICE-LIFE_230313-113_A-Lamprecht_SW-267x400.jpg 267w, https:\/\/www.hkarchitekten.at\/v80\/wp-content\/uploads\/2025\/02\/HK-ARCH_OFFICE-LIFE_230313-113_A-Lamprecht_SW-20x30.jpg 20w, https:\/\/www.hkarchitekten.at\/v80\/wp-content\/uploads\/2025\/02\/HK-ARCH_OFFICE-LIFE_230313-113_A-Lamprecht_SW-1601x2400.jpg 1601w\" sizes=\"auto, (max-width: 1067px) 100vw, 1067px\" \/><\/figure>\n<\/div>\n<\/div>\n\n<div class=\"n0-column alignment-top\">\n<div class=\"n0-column wp-block-n0-column\"><div style=\"padding-top:var(--wp--preset--spacing--80);padding-bottom:var(--wp--preset--spacing--80);padding-left:0;padding-right:0;margin-right:0;margin-left:0;\" class=\"n0-text is-vertically-aligned-top wp-block-n0-blocks-n0-text\">\n\n<h2 class=\"wp-block-heading\">\u201eWir wollen Neues wagen und nicht Bestehendes nachbauen, sondern es hinterfragen und weiterentwickeln. Wir stellen grunds\u00e4tzlich bei jeder Aufgabe die Frage: Was k\u00f6nnen wir besser machen? Das bedeutet aber auch, dass wir uns bewusst daf\u00fcr entscheiden, wohl\u00fcberlegte Risiken und Experimente einzugehen.\u201c<\/h2>\n\n\n\n<h4 class=\"wp-block-heading\">UNIV.-prof. Arch. di Hermann kaufmann<\/h4>\n\n<\/div><\/div>\n<\/div>\n<\/div>\n\n<div class=\"n0-group \" style=\"padding-top: calc( 1 * var(--wp--custom--ntheme--grid--column--width) ); padding-bottom: calc( 1 * var(--wp--custom--ntheme--grid--column--width) ); padding-left: calc( 1 * var(--wp--custom--ntheme--margin--left) ) !important; padding-right: calc( 0 * var(--wp--custom--ntheme--margin--right) ) !important;\">\n<div class=\"wp-block-n0-blocks-n0-group n0-group-content\" style=\"--padding-top:calc(1 * var(--wp--custom--ntheme--grid--column--width));--padding-bottom:calc(1 * var(--wp--custom--ntheme--grid--column--width));--padding-left:calc(1 * var(--wp--custom--ntheme--margin--left));--padding-right:calc(0 * var(--wp--custom--ntheme--margin--right))\"><div class=\"n0-group-inner\">\n<h2 class=\"wp-block-heading is-style-default\">Forschungsprojekte<\/h2>\n<\/div><\/div>\n<\/div>\n\n<div class=\"n0-group \" style=\"padding-top: calc( 1 * var(--wp--custom--ntheme--grid--column--width) ); padding-bottom: calc( 1 * var(--wp--custom--ntheme--grid--column--width) ); padding-left: calc( 1 * var(--wp--custom--ntheme--margin--left) ) !important; padding-right: calc( 0 * var(--wp--custom--ntheme--margin--right) ) !important;\">\n<div class=\"wp-block-n0-blocks-n0-group n0-group-content\" style=\"--padding-top:calc(1 * var(--wp--custom--ntheme--grid--column--width));--padding-bottom:calc(1 * var(--wp--custom--ntheme--grid--column--width));--padding-left:calc(1 * var(--wp--custom--ntheme--margin--left));--padding-right:calc(0 * var(--wp--custom--ntheme--margin--right))\"><div class=\"n0-group-inner\"><div class=\"n0-image-row \" style=\" display: grid; grid-template-columns: repeat(2, 1fr);\"><div class=\"n0-image-row-item\"><figure><img decoding=\"async\" src=\"https:\/\/www.hkarchitekten.at\/v80\/wp-content\/uploads\/2025\/07\/A2_74-1-2-1-1200x800.jpg\" alt=\"\u00d6lzb\u00fcndt, Dornbirn\" loading=\"lazy\"\/><\/figure><div class=\"caption\" style=\"text-align: left;\"><div class=\"subtitle n0-sc-caption-col\"><span>Mehrfamilienhaus \/ Wohnen<\/span> &#124; <span>1997<\/span><\/div><div class=\"title\"><h3><span>\u00d6lzb\u00fcndt, Dornbirn<\/span><\/h3><\/div><\/div><\/div><div class=\"n0-image-row-item\"><figure><img decoding=\"async\" src=\"https:\/\/www.hkarchitekten.at\/v80\/wp-content\/uploads\/2025\/07\/00_96-06-1-1200x800.jpg\" alt=\"Gemeindezentrum Ludesch\" loading=\"lazy\"\/><\/figure><div class=\"caption\" style=\"text-align: left;\"><div class=\"subtitle n0-sc-caption-col\"><span>Verwaltung<\/span> &#124; <span>2005<\/span><\/div><div class=\"title\"><h3><span>Gemeindezentrum Ludesch<\/span><\/h3><\/div><\/div><\/div><div class=\"n0-image-row-item\"><figure><img decoding=\"async\" src=\"https:\/\/www.hkarchitekten.at\/v80\/wp-content\/uploads\/2022\/08\/10_21-42-1200x800.jpg\" alt=\"LCT ONE &#8211; LifeCycle Tower, Dornbirn\" loading=\"lazy\"\/><\/figure><div class=\"caption\" style=\"text-align: left;\"><div class=\"subtitle n0-sc-caption-col\"><span>Arbeit \/ B\u00fcro<\/span> &#124; <span>2012<\/span><\/div><div class=\"title\"><h3><span>LCT ONE &#8211; LifeCycle Tower, Dornbirn<\/span><\/h3><\/div><\/div><\/div><div class=\"n0-image-row-item\"><figure><img decoding=\"async\" src=\"https:\/\/www.hkarchitekten.at\/v80\/wp-content\/uploads\/2017\/07\/Deutscher-Holzbau-Preis-2017-Cover-1200x800.jpg\" alt=\"Schmuttertal Gymnasium, Diedorf\" loading=\"lazy\"\/><\/figure><div class=\"caption\" style=\"text-align: left;\"><div class=\"subtitle n0-sc-caption-col\"><span>Bildung<\/span> &#124; <span>2015<\/span><\/div><div class=\"title\"><h3><span>Schmuttertal Gymnasium, Diedorf<\/span><\/h3><\/div><\/div><\/div><\/div><\/div><\/div>\n<\/div>","protected":false},"excerpt":{"rendered":"<p>Eine zukunftssichere Umgebung, die mehr Energie erzeugt, als sie ben\u00f6tigt. Das Schmuttertal Gymnasium in Diedorf ist eine Schule mit Modellcharakter. Sie erreicht die Ziele der Nachhaltigkeit und P\u00e4dagogik mit den ureigenen Mitteln der Architektur: Vielf\u00e4ltig zu nutzende R\u00e4ume bieten Platz f\u00fcr selbst\u00e4ndiges Lernen, die klare Struktur des Holzskelettbaus erlaubt es, auch in Zukunft auf neue p\u00e4dagogische Konzepte zu reagieren. Um die akustische Behaglichkeit zu steigern, wurden die Oberfl\u00e4chen der R\u00e4ume in einem aufw\u00e4ndigen Prozess entwickelt. Als Plusenergiehaus erzeugt das Gymnasium Diedorf mehr Energie, als sein Betrieb ben\u00f6tigt. \u00bbSchulen sind wichtige Geb\u00e4ude in der Entwicklung eines Menschen. Wer erinnert sich nicht zur\u00fcck an seine \u201eSchule\u201c? Hier erf\u00e4hrt ein junger Mensch ganz intensiv, wie R\u00e4ume, Materialien, Stimmungen, im eigentlichen Sinn also Architektur Einfluss auf das Befinden eines Menschen hat. Als Architekt tr\u00e4gt man Verantwortung daf\u00fcr, dass das Schulgeb\u00e4ude zum Wohlbefinden seiner Benutzer und damit indirekt zu einem h\u00f6heren Lernerfolg beitr\u00e4gt.\u00ab Univ.-Prof. Arch. DI Hermann Kaufmann \u00bbDer Holzbau hat sein Ma\u00df \u2013 die Brettl\u00e4nge etwa. Wie mache ich den Sto\u00df? Wir haben einen geringen Vorsprung eingef\u00fchrt. Holzbau ist nichts f\u00fcr die platonische Geometrie. Er hat Spannung, Leben, Sentiment.\u00ab DI Florian Nagler |Lernlandschaften bilden das didaktische Grundger\u00fcst, in dem die Jugendlichen das Lernen selbst<\/p>\n","protected":false},"author":9,"featured_media":0,"parent":79281,"menu_order":0,"comment_status":"closed","ping_status":"closed","template":"","meta":{"_acf_changed":false,"inline_featured_image":false,"footnotes":""},"class_list":["post-80105","page","type-page","status-publish","hentry"],"acf":[],"_links":{"self":[{"href":"https:\/\/www.hkarchitekten.at\/v80\/de\/wp-json\/wp\/v2\/pages\/80105","targetHints":{"allow":["GET"]}}],"collection":[{"href":"https:\/\/www.hkarchitekten.at\/v80\/de\/wp-json\/wp\/v2\/pages"}],"about":[{"href":"https:\/\/www.hkarchitekten.at\/v80\/de\/wp-json\/wp\/v2\/types\/page"}],"author":[{"embeddable":true,"href":"https:\/\/www.hkarchitekten.at\/v80\/de\/wp-json\/wp\/v2\/users\/9"}],"replies":[{"embeddable":true,"href":"https:\/\/www.hkarchitekten.at\/v80\/de\/wp-json\/wp\/v2\/comments?post=80105"}],"version-history":[{"count":4,"href":"https:\/\/www.hkarchitekten.at\/v80\/de\/wp-json\/wp\/v2\/pages\/80105\/revisions"}],"predecessor-version":[{"id":92039,"href":"https:\/\/www.hkarchitekten.at\/v80\/de\/wp-json\/wp\/v2\/pages\/80105\/revisions\/92039"}],"up":[{"embeddable":true,"href":"https:\/\/www.hkarchitekten.at\/v80\/de\/wp-json\/wp\/v2\/pages\/79281"}],"wp:attachment":[{"href":"https:\/\/www.hkarchitekten.at\/v80\/de\/wp-json\/wp\/v2\/media?parent=80105"}],"curies":[{"name":"wp","href":"https:\/\/api.w.org\/{rel}","templated":true}]}}