{"id":80165,"date":"2025-02-18T09:56:42","date_gmt":"2025-02-18T08:56:42","guid":{"rendered":"https:\/\/www.hkarchitekten.at\/v74\/?page_id=80165"},"modified":"2025-10-28T22:32:51","modified_gmt":"2025-10-28T21:32:51","slug":"architektur","status":"publish","type":"page","link":"https:\/\/www.hkarchitekten.at\/v80\/de\/expertise\/architektur\/","title":{"rendered":"Architektur"},"content":{"rendered":"<div style=\"--padding-top: calc(2 * var(--wp--custom--ntheme--grid--column--width)); --padding-bottom: calc(1 * var(--wp--custom--ntheme--grid--column--width)); --padding-left: calc(0 * var(--wp--custom--ntheme--grid--column--width) + var(--wp--custom--ntheme--margin--left) ); --padding-right: calc(0 * var(--wp--custom--ntheme--grid--column--width) + var(--wp--custom--ntheme--margin--right) ); --column-gap: calc(1 * var(--wp--custom--ntheme--grid--column--width)); --column-division: calc(15 * var(--wp--custom--ntheme--grid--column--width));\" class=\"n0-columns hide-on-tablet wp-block-n0-blocks-n0-columns\">\n<div class=\"n0-column alignment-top\">\n<div class=\"n0-column wp-block-n0-column\">\n<h2 class=\"wp-block-heading is-style-n0-claim-1\">Unsere Architektur<br>inspiriert vom Holzbau.<\/h2>\n<\/div>\n<\/div>\n\n<div class=\"n0-column alignment-top\">\n<div class=\"n0-column wp-block-n0-column\"><\/div>\n<\/div>\n<\/div>\n\n<div style=\"--padding-top: calc(2 * var(--wp--custom--ntheme--grid--column--width)); --padding-bottom: calc(1 * var(--wp--custom--ntheme--grid--column--width)); --padding-left: calc(0 * var(--wp--custom--ntheme--grid--column--width) + var(--wp--custom--ntheme--margin--left) ); --padding-right: calc(0 * var(--wp--custom--ntheme--grid--column--width) + var(--wp--custom--ntheme--margin--right) ); --column-gap: calc(1 * var(--wp--custom--ntheme--grid--column--width)); --column-division: calc(20 * var(--wp--custom--ntheme--grid--column--width));\" class=\"n0-columns show-on-tablet wp-block-n0-blocks-n0-columns\">\n<div class=\"n0-column alignment-top\">\n<div class=\"n0-column wp-block-n0-column\">\n<h2 class=\"wp-block-heading is-style-n0-claim-1\">Unsere Architektur<br>inspiriert vom Holzbau.<\/h2>\n<\/div>\n<\/div>\n\n<div class=\"n0-column alignment-top\">\n<div class=\"n0-column wp-block-n0-column\"><\/div>\n<\/div>\n<\/div>\n\n<div class=\"n0-cover is-style-n0-responsive wp-block-n0-blocks-n0-cover\"><img decoding=\"async\" width=\"2400\" height=\"1600\" src=\"https:\/\/www.hkarchitekten.at\/v80\/wp-content\/uploads\/2016\/05\/13_09-04-1.jpg\" class=\"n0-cover-image\" alt=\"Gipfelrestaurant Nebelhorn, Oberstdorf\" style=\"object-fit: cover; object-position: 50% 50%;\" loading=\"lazy\" srcset=\"https:\/\/www.hkarchitekten.at\/v80\/wp-content\/uploads\/2016\/05\/13_09-04-1.jpg 2400w, https:\/\/www.hkarchitekten.at\/v80\/wp-content\/uploads\/2016\/05\/13_09-04-1-1600x1067.jpg 1600w, https:\/\/www.hkarchitekten.at\/v80\/wp-content\/uploads\/2016\/05\/13_09-04-1-1400x933.jpg 1400w, https:\/\/www.hkarchitekten.at\/v80\/wp-content\/uploads\/2016\/05\/13_09-04-1-30x20.jpg 30w\" sizes=\"auto, (max-width: 2400px) 100vw, 2400px\" \/><\/div>\n\n<div style=\"--padding-top: calc(2 * var(--wp--custom--ntheme--grid--column--width)); --padding-bottom: calc(0 * var(--wp--custom--ntheme--grid--column--width)); --padding-left: calc(0 * var(--wp--custom--ntheme--grid--column--width) + var(--wp--custom--ntheme--margin--left) ); --padding-right: calc(0 * var(--wp--custom--ntheme--grid--column--width) + var(--wp--custom--ntheme--margin--right) ); --column-gap: calc(2 * var(--wp--custom--ntheme--grid--column--width)); --column-division: calc(12 * var(--wp--custom--ntheme--grid--column--width));\" class=\"n0-columns wp-block-n0-blocks-n0-columns\">\n<div class=\"n0-column alignment-top\">\n<div class=\"n0-column wp-block-n0-column\">\n<h2 class=\"wp-block-heading is-style-default\" style=\"border-style:none;border-width:0px;border-radius:0px\">Logisch in der Konstruktion, \u00f6kologisch in der Materialwahl, ausgeglichen in der Atmosph\u00e4re, bew\u00e4hrt in der Umsetzung.<\/h2>\n<\/div>\n<\/div>\n\n<div class=\"n0-column alignment-top\">\n<div class=\"n0-column wp-block-n0-column\"><\/div>\n<\/div>\n<\/div>\n\n<div style=\"--padding-top: calc(1 * var(--wp--custom--ntheme--grid--column--width)); --padding-bottom: calc(1 * var(--wp--custom--ntheme--grid--column--width)); --padding-left: calc(0 * var(--wp--custom--ntheme--grid--column--width) + var(--wp--custom--ntheme--margin--left) ); --padding-right: calc(0 * var(--wp--custom--ntheme--grid--column--width) + var(--wp--custom--ntheme--margin--right) ); --column-gap: calc(1 * var(--wp--custom--ntheme--grid--column--width)); --column-division: calc(18 * var(--wp--custom--ntheme--grid--column--width));\" class=\"n0-columns wp-block-n0-blocks-n0-columns\">\n<div class=\"n0-column alignment-top\">\n<div class=\"n0-column wp-block-n0-column\"><div style=\"padding-top:0;padding-bottom:0;padding-left:0;padding-right:0;margin-right:0;margin-left:0;\" class=\"n0-text is-vertically-aligned-top wp-block-n0-blocks-n0-text\">\n\n<p class=\"has-n-0-28-fl-font-size\">Architektur ist eine komplexe Syntheseleistung, die sowohl technisches Wissen als auch k\u00fcnstlerische Intuition vereint. Sie muss den Anforderungen der Stabilit\u00e4t, Brauchbarkeit und \u00c4sthetik gleicherma\u00dfen gerecht werden. Dieser integrative Ansatz spiegelt sich in der Arbeit von uns wieder. Seit \u00fcber 40 Jahren setzen wir Architekturprojekte erfolgreich um. Vom ersten Entwurf bis zur \u00dcbergabe ist der gesamte Prozess strukturiert und transparent. Besondere Bedeutung kommt dabei der sorgf\u00e4ltigen Verkn\u00fcpfung von Details, Methodik und nachhaltigen Vorschl\u00e4gen zu.<\/p>\n\n\n\n<p class=\"has-n-0-28-fl-font-size\">In vier Jahrzehnten haben wir \u00fcber 1000 Projekte realisiert \u2013 stets mit dem Fokus auf die Bed\u00fcrfnisse des allt\u00e4glichen Lebens. Unser Spektrum reicht von Wohn- und Gewerbebauten \u00fcber Bildungs- und Gemeindegeb\u00e4ude bis hin zu Produktionshallen. Wir ber\u00fccksichtigen sowohl Neubau als auch Sanierung. Unsere Planung und Ausf\u00fchrung basiert auf einem hohen baukulturellen Standard. Ein besonderes Augenmerk gilt dem Holzbau, der durch eine pr\u00e4zise Systematik und konstruktive Disziplin gepr\u00e4gt ist.&nbsp;<\/p>\n\n<\/div><\/div>\n<\/div>\n\n<div class=\"n0-column alignment-top\">\n<div class=\"n0-column wp-block-n0-column\"><\/div>\n<\/div>\n<\/div>\n\n\n<div id=\"grid-52byik2\" data-grid-id=\"grid-52byik2\" style=\"--grid-col-count:24;\" class=\"wp-block-n0-blocks-n0-grid n0-grid auto-height\">\n<div id=\"n0id-9246f93\" class=\"wp-block-n0-blocks-n0-grid-item n0-grid-item halign-left valign-top\" style=\"--cs-start:23;--cw-span:12;--rs-start:1;--rh-span:2;--cs-start-m:20;--cw-span-m:12;--rs-start-m:1;--rh-span-m:3;--cs-start-s:16;--cw-span-s:13;--rs-start-s:1;--rh-span-s:5\"> <div class=\"n0-text is-vertically-aligned-top wp-block-n0-blocks-n0-text\">\n\n<div class=\"wp-block-button is-style-n0-arrowright\"><a class=\"wp-block-button__link wp-element-button\" href=\"https:\/\/www.hkarchitekten.at\/de\/expertise\/holzbau\/\">WEITER<\/a><\/div>\n\n<\/div><\/div>\n<\/div>\n","protected":false},"excerpt":{"rendered":"<p>Unsere Architekturinspiriert vom Holzbau. Unsere Architekturinspiriert vom Holzbau. Logisch in der Konstruktion, \u00f6kologisch in der Materialwahl, ausgeglichen in der Atmosph\u00e4re, bew\u00e4hrt in der Umsetzung. Architektur ist eine komplexe Syntheseleistung, die sowohl technisches Wissen als auch k\u00fcnstlerische Intuition vereint. Sie muss den Anforderungen der Stabilit\u00e4t, Brauchbarkeit und \u00c4sthetik gleicherma\u00dfen gerecht werden. Dieser integrative Ansatz spiegelt sich in der Arbeit von uns wieder. Seit \u00fcber 40 Jahren setzen wir Architekturprojekte erfolgreich um. Vom ersten Entwurf bis zur \u00dcbergabe ist der gesamte Prozess strukturiert und transparent. Besondere Bedeutung kommt dabei der sorgf\u00e4ltigen Verkn\u00fcpfung von Details, Methodik und nachhaltigen Vorschl\u00e4gen zu. In vier Jahrzehnten haben wir \u00fcber 1000 Projekte realisiert \u2013 stets mit dem Fokus auf die Bed\u00fcrfnisse des allt\u00e4glichen Lebens. Unser Spektrum reicht von Wohn- und Gewerbebauten \u00fcber Bildungs- und Gemeindegeb\u00e4ude bis hin zu Produktionshallen. Wir ber\u00fccksichtigen sowohl Neubau als auch Sanierung. Unsere Planung und Ausf\u00fchrung basiert auf einem hohen baukulturellen Standard. Ein besonderes Augenmerk gilt dem Holzbau, der durch eine pr\u00e4zise Systematik und konstruktive Disziplin gepr\u00e4gt ist.&nbsp; WEITER<\/p>\n","protected":false},"author":9,"featured_media":0,"parent":79281,"menu_order":0,"comment_status":"closed","ping_status":"closed","template":"","meta":{"_acf_changed":false,"inline_featured_image":false,"footnotes":""},"class_list":["post-80165","page","type-page","status-publish","hentry"],"acf":[],"_links":{"self":[{"href":"https:\/\/www.hkarchitekten.at\/v80\/de\/wp-json\/wp\/v2\/pages\/80165","targetHints":{"allow":["GET"]}}],"collection":[{"href":"https:\/\/www.hkarchitekten.at\/v80\/de\/wp-json\/wp\/v2\/pages"}],"about":[{"href":"https:\/\/www.hkarchitekten.at\/v80\/de\/wp-json\/wp\/v2\/types\/page"}],"author":[{"embeddable":true,"href":"https:\/\/www.hkarchitekten.at\/v80\/de\/wp-json\/wp\/v2\/users\/9"}],"replies":[{"embeddable":true,"href":"https:\/\/www.hkarchitekten.at\/v80\/de\/wp-json\/wp\/v2\/comments?post=80165"}],"version-history":[{"count":12,"href":"https:\/\/www.hkarchitekten.at\/v80\/de\/wp-json\/wp\/v2\/pages\/80165\/revisions"}],"predecessor-version":[{"id":92059,"href":"https:\/\/www.hkarchitekten.at\/v80\/de\/wp-json\/wp\/v2\/pages\/80165\/revisions\/92059"}],"up":[{"embeddable":true,"href":"https:\/\/www.hkarchitekten.at\/v80\/de\/wp-json\/wp\/v2\/pages\/79281"}],"wp:attachment":[{"href":"https:\/\/www.hkarchitekten.at\/v80\/de\/wp-json\/wp\/v2\/media?parent=80165"}],"curies":[{"name":"wp","href":"https:\/\/api.w.org\/{rel}","templated":true}]}}