{"id":80344,"date":"2025-03-06T17:03:32","date_gmt":"2025-03-06T16:03:32","guid":{"rendered":"https:\/\/www.hkarchitekten.at\/v74\/?page_id=80344"},"modified":"2025-10-28T22:28:18","modified_gmt":"2025-10-28T21:28:18","slug":"leistung","status":"publish","type":"page","link":"https:\/\/www.hkarchitekten.at\/v80\/de\/buero\/leistung\/","title":{"rendered":"Leistung"},"content":{"rendered":"<div style=\"--padding-top: calc(2 * var(--wp--custom--ntheme--grid--column--width)); --padding-bottom: calc(1 * var(--wp--custom--ntheme--grid--column--width)); --padding-left: calc(0 * var(--wp--custom--ntheme--grid--column--width) + var(--wp--custom--ntheme--margin--left) ); --padding-right: calc(0 * var(--wp--custom--ntheme--grid--column--width) + var(--wp--custom--ntheme--margin--right) ); --column-gap: calc(2 * var(--wp--custom--ntheme--grid--column--width)); --column-division: calc(11 * var(--wp--custom--ntheme--grid--column--width));\" class=\"n0-columns wp-block-n0-blocks-n0-columns\">\n<div class=\"n0-column alignment-center\">\n<div class=\"n0-column wp-block-n0-column\"><div style=\"padding-top:0;padding-bottom:0;margin-top:0;margin-bottom:0;\" class=\"n0-text is-vertically-aligned-top wp-block-n0-blocks-n0-text\">\n\n<h4 class=\"wp-block-heading\">VORGEHEN &amp; LEISTUNG<\/h4>\n\n\n\n<h2 class=\"wp-block-heading\">Am Anfang steht das Gespr\u00e4ch<\/h2>\n\n\n\n<p>Im Fokus stehen die Auftraggeberinnen und Auftraggeber, die Art der Bauaufgabe und der Standort. Klarheit und Transparenz sind f\u00fcr uns entscheidend. Unser Entwurf folgt einem klaren Ansatz: Wir ermitteln umfassend, arbeiten ganzheitlich, schlagen nachhaltige L\u00f6sungen vor, denken in komplexen Zusammenh\u00e4ngen und achten auf jedes Detail in der Ausarbeitung \u2013 dabei bleibt die Gestaltung immer kreativ und ausdrucksstark. Wir schaffen eine Synthese aus Architektur und modernen technischen M\u00f6glichkeiten, wobei der Fokus auf dem Modell bis ins kleinste Detail liegt. Das Projekt ist eine durchg\u00e4ngige Einheit \u2013 von der ersten Idee \u00fcber den Entwurf, die Bauphase, die Abrechnung bis zur finalen \u00dcbergabe.<\/p>\n\n<\/div><\/div>\n<\/div>\n\n<div class=\"n0-column alignment-center\">\n<div class=\"n0-column wp-block-n0-column\">\n<figure class=\"wp-block-image size-large has-custom-border\" style=\"margin-top:0;margin-right:0;margin-bottom:0;margin-left:0\"><img loading=\"lazy\" decoding=\"async\" width=\"1067\" height=\"1600\" src=\"https:\/\/www.hkarchitekten.at\/v74\/wp-content\/uploads\/2023\/11\/HK-ARCH_OFFICE-LIFE_230313-162_A-Lamprecht-1067x1600.jpg\" alt=\"\" class=\"wp-image-75685\" style=\"border-style:none;border-width:0px;border-radius:0px;aspect-ratio:1;object-fit:cover\" srcset=\"https:\/\/www.hkarchitekten.at\/v80\/wp-content\/uploads\/2023\/11\/HK-ARCH_OFFICE-LIFE_230313-162_A-Lamprecht-1067x1600.jpg 1067w, https:\/\/www.hkarchitekten.at\/v80\/wp-content\/uploads\/2023\/11\/HK-ARCH_OFFICE-LIFE_230313-162_A-Lamprecht-20x30.jpg 20w, https:\/\/www.hkarchitekten.at\/v80\/wp-content\/uploads\/2023\/11\/HK-ARCH_OFFICE-LIFE_230313-162_A-Lamprecht.jpg 1467w\" sizes=\"auto, (max-width: 1067px) 100vw, 1067px\" \/><\/figure>\n<\/div>\n<\/div>\n<\/div>\n\n<div style=\"--padding-top: calc(1 * var(--wp--custom--ntheme--grid--column--width)); --padding-bottom: calc(2 * var(--wp--custom--ntheme--grid--column--width)); --padding-left: calc(0 * var(--wp--custom--ntheme--grid--column--width) + var(--wp--custom--ntheme--margin--left) ); --padding-right: calc(0 * var(--wp--custom--ntheme--grid--column--width) + var(--wp--custom--ntheme--margin--right) ); --column-gap: calc(2 * var(--wp--custom--ntheme--grid--column--width)); --column-division: calc(11 * var(--wp--custom--ntheme--grid--column--width));\" class=\"n0-columns is-reverse wp-block-n0-blocks-n0-columns\">\n<div class=\"n0-column alignment-center\">\n<div class=\"n0-column wp-block-n0-column\">\n<figure class=\"wp-block-image size-large\"><img loading=\"lazy\" decoding=\"async\" width=\"1600\" height=\"1067\" src=\"https:\/\/www.hkarchitekten.at\/v74\/wp-content\/uploads\/2023\/11\/HK-ARCH_OFFICE-LIFE_230313-056_A-Lamprecht-1600x1067.jpg\" alt=\"\" class=\"wp-image-75671\" style=\"aspect-ratio:1;object-fit:cover\" srcset=\"https:\/\/www.hkarchitekten.at\/v80\/wp-content\/uploads\/2023\/11\/HK-ARCH_OFFICE-LIFE_230313-056_A-Lamprecht-1600x1067.jpg 1600w, https:\/\/www.hkarchitekten.at\/v80\/wp-content\/uploads\/2023\/11\/HK-ARCH_OFFICE-LIFE_230313-056_A-Lamprecht-1400x934.jpg 1400w, https:\/\/www.hkarchitekten.at\/v80\/wp-content\/uploads\/2023\/11\/HK-ARCH_OFFICE-LIFE_230313-056_A-Lamprecht-30x20.jpg 30w\" sizes=\"auto, (max-width: 1600px) 100vw, 1600px\" \/><\/figure>\n<\/div>\n<\/div>\n\n<div class=\"n0-column alignment-center\">\n<div class=\"n0-column wp-block-n0-column\"><div style=\"padding-top:0;padding-bottom:0;margin-top:0;margin-bottom:0;\" class=\"n0-text is-vertically-aligned-top wp-block-n0-blocks-n0-text\">\n\n<h4 class=\"wp-block-heading\">NUTZUNG &amp; BAUAUFGABE<\/h4>\n\n\n\n<h2 class=\"wp-block-heading\">\u00dcber 40 Jahre Erfahrung<\/h2>\n\n\n\n<p>In den letzten Jahrzehnten haben wir \u00fcber 1.000 Projekte realisiert \u2013 vom Einfamilienhaus bis zum Hochhaus, von Schulbauten bis zu Versammlungsst\u00e4tten. Im Mittelpunkt steht seit jeher das Bauen f\u00fcr den Alltag: Wohnen, Arbeiten, Lernen, Zusammenkommen. Neben Neubauten spielt auch die Sanierung eine zentrale Rolle. Unsere Auftraggeberinnen und Auftraggeber sind so vielf\u00e4ltig wie unsere Projekte \u2013 von Privatpersonen \u00fcber Unternehmen und Kommunen bis hin zu staatlichen Institutionen und Kirchen. Wir bauen in St\u00e4dten und auf Berggipfeln, im gesamten Alpenraum von Frankreich bis Wien \u2013 und dar\u00fcber hinaus.<\/p>\n\n<\/div><\/div>\n<\/div>\n<\/div>\n\n\n<h3 class=\"wp-block-heading is-style-default has-ntheme-lightgray-color has-ntheme-darkgray-background-color has-text-color has-background has-link-color wp-elements-de7183f062ab2b44f8fec7177d459c5a\" style=\"border-style:none;border-width:0px;border-radius:0px\">Wir bieten alle Architekturleistungen an \u2013 von der ersten Planung bis zur Ausschreibung und \u00f6rtlichen Bau\u00fcberwachung.<\/h3>\n\n\n<div style=\"--padding-top: calc(2 * var(--wp--custom--ntheme--grid--column--width)); --padding-bottom: calc(1 * var(--wp--custom--ntheme--grid--column--width)); --padding-left: calc(0 * var(--wp--custom--ntheme--grid--column--width) + var(--wp--custom--ntheme--margin--left) ); --padding-right: calc(0 * var(--wp--custom--ntheme--grid--column--width) + var(--wp--custom--ntheme--margin--right) ); --column-gap: calc(2 * var(--wp--custom--ntheme--grid--column--width)); --column-division: calc(11 * var(--wp--custom--ntheme--grid--column--width));\" class=\"n0-columns wp-block-n0-blocks-n0-columns\">\n<div class=\"n0-column alignment-center\">\n<div class=\"n0-column wp-block-n0-column\"><div style=\"padding-top:0;padding-bottom:0;margin-top:0;margin-bottom:0;\" class=\"n0-text is-vertically-aligned-top wp-block-n0-blocks-n0-text\">\n\n<h4 class=\"wp-block-heading\">ALT &amp; NEU<\/h4>\n\n\n\n<h2 class=\"wp-block-heading\">Sanieren ist die Aufgabe der Zukunft<\/h2>\n\n\n\n<p>Etwa 30\u202f% des Geb\u00e4udebestands gelten als erhaltenswert. Unsere Arbeit hat genau dort ihren Ursprung \u2013 in der Auseinandersetzung mit dem Bestehenden. Daraus hat sich auf nat\u00fcrliche Weise auch der Bereich des Neubaus erschlossen. Sowenig sich Alt und Neu ausschlie\u00dfen, so sehr erg\u00e4nzen sich kompetente Planung und Durchf\u00fchrung in beiden Bereichen.<\/p>\n\n<\/div><\/div>\n<\/div>\n\n<div class=\"n0-column alignment-center\">\n<div class=\"n0-column wp-block-n0-column\">\n<figure class=\"wp-block-image size-full has-custom-border\" style=\"margin-top:0;margin-right:0;margin-bottom:0;margin-left:0\"><img loading=\"lazy\" decoding=\"async\" width=\"1500\" height=\"1000\" src=\"https:\/\/www.hkarchitekten.at\/v74\/wp-content\/uploads\/2020\/01\/18_24-04.jpg\" alt=\"Gantner\/Bundschuh, Sulzberg\" class=\"wp-image-62185\" style=\"border-style:none;border-width:0px;border-radius:0px;aspect-ratio:1;object-fit:cover\" srcset=\"https:\/\/www.hkarchitekten.at\/v80\/wp-content\/uploads\/2020\/01\/18_24-04.jpg 1500w, https:\/\/www.hkarchitekten.at\/v80\/wp-content\/uploads\/2020\/01\/18_24-04-1400x933.jpg 1400w, https:\/\/www.hkarchitekten.at\/v80\/wp-content\/uploads\/2020\/01\/18_24-04-30x20.jpg 30w\" sizes=\"auto, (max-width: 1500px) 100vw, 1500px\" \/><\/figure>\n<\/div>\n<\/div>\n<\/div>\n\n<div style=\"--padding-top: calc(1 * var(--wp--custom--ntheme--grid--column--width)); --padding-bottom: calc(1 * var(--wp--custom--ntheme--grid--column--width)); --padding-left: calc(0 * var(--wp--custom--ntheme--grid--column--width) + var(--wp--custom--ntheme--margin--left) ); --padding-right: calc(0 * var(--wp--custom--ntheme--grid--column--width) + var(--wp--custom--ntheme--margin--right) ); --column-gap: calc(2 * var(--wp--custom--ntheme--grid--column--width)); --column-division: calc(11 * var(--wp--custom--ntheme--grid--column--width));\" class=\"n0-columns is-reverse wp-block-n0-blocks-n0-columns\">\n<div class=\"n0-column alignment-center\">\n<div class=\"n0-column wp-block-n0-column\">\n<figure class=\"wp-block-image size-n0theme-1-1-800\"><img loading=\"lazy\" decoding=\"async\" width=\"800\" height=\"800\" src=\"https:\/\/www.hkarchitekten.at\/v74\/wp-content\/uploads\/2023\/11\/19_16-76-800x800.jpg\" alt=\"\" class=\"wp-image-75776\" style=\"aspect-ratio:1;object-fit:cover\" srcset=\"https:\/\/www.hkarchitekten.at\/v80\/wp-content\/uploads\/2023\/11\/19_16-76-800x800.jpg 800w, https:\/\/www.hkarchitekten.at\/v80\/wp-content\/uploads\/2023\/11\/19_16-76-400x400.jpg 400w\" sizes=\"auto, (max-width: 800px) 100vw, 800px\" \/><\/figure>\n<\/div>\n<\/div>\n\n<div class=\"n0-column alignment-center\">\n<div class=\"n0-column wp-block-n0-column\"><div style=\"padding-top:0;padding-bottom:0;margin-top:0;margin-bottom:0;\" class=\"n0-text is-vertically-aligned-top wp-block-n0-blocks-n0-text\">\n\n<h4 class=\"wp-block-heading\">F\u00dcGUNG &amp; VERKN\u00dcPFUNG<\/h4>\n\n\n\n<h2 class=\"wp-block-heading\">Nat\u00fcrlich Bauen mit Holz<\/h2>\n\n\n\n<p>Bauen mit Holz bedeutet urspr\u00fcnglich, St\u00e4be miteinander zu verbinden. Diese grundlegende Technik bildet die Grundlage f\u00fcr die Prinzipien der Holzbaukultur. Balken sind gr\u00f6\u00dfer als Ziegel und erfordern eine pr\u00e4zise Abstimmung und anspruchsvolle Verbindungen, um Wand und Dach zu bilden \u2013 hier ist konstruktive Disziplin gefragt. Morphologisch dominieren flache, gegliederte Fl\u00e4chen, die oft im rechten Winkel zueinanderstehen. Dies zeigt sich besonders im modernen Tafelbau, der keine stabf\u00f6rmige Struktur mehr hat. Je kleiner die Holzbauteile, wie etwa Schindeln, desto flexibler wird die Formgebung.<\/p>\n\n<\/div><\/div>\n<\/div>\n<\/div>\n\n<div style=\"--padding-top: calc(1 * var(--wp--custom--ntheme--grid--column--width)); --padding-bottom: calc(0 * var(--wp--custom--ntheme--grid--column--width)); --padding-left: calc(0 * var(--wp--custom--ntheme--grid--column--width) + var(--wp--custom--ntheme--margin--left) ); --padding-right: calc(0 * var(--wp--custom--ntheme--grid--column--width) + var(--wp--custom--ntheme--margin--right) ); --column-gap: calc(2 * var(--wp--custom--ntheme--grid--column--width)); --column-division: calc(11 * var(--wp--custom--ntheme--grid--column--width)); background-color: var(--wp--preset--color--ntheme-lightgray2);\" class=\"n0-columns is-style-n0-contentwidth wp-block-n0-blocks-n0-columns has-background has-ntheme-lightgray-2-background-color\">\n<div class=\"n0-column alignment-top\">\n<div class=\"n0-column wp-block-n0-column\"><\/div>\n<\/div>\n\n<div class=\"n0-column alignment-center\">\n<div class=\"n0-column wp-block-n0-column\">\n<h2 class=\"wp-block-heading is-style-default has-ntheme-darkgray-color has-text-color has-link-color wp-elements-2c3c78d9353fdf00000cbdb2468ef91a\" style=\"font-style:normal;font-weight:300\">Ein Projekt im Sinn? Wir begleiten Sie von der ersten Idee bis zur Umsetzung.<\/h2>\n\n\n<div class=\"n0-text is-vertically-aligned-top wp-block-n0-blocks-n0-text\">\n\n<div class=\"wp-block-button is-style-n0-borderbox\"><a class=\"wp-block-button__link wp-element-button\" href=\"https:\/\/www.hkarchitekten.at\/de\/kontakt\/\">KONTAKT<\/a><\/div>\n\n\n<div class=\"n0-spacer \" style=\"height: calc( var(--wp--custom--ntheme--grid--column--width) * 2 );\"><\/div>\n<\/div><\/div>\n<\/div>\n<\/div>\n\n<div class=\"n0-spacer show-on-mobile\" style=\"height: calc( var(--wp--custom--ntheme--grid--column--width) * 2 ); background-color: var(--wp--preset--color--ntheme-lightgray2);\"><\/div>","protected":false},"excerpt":{"rendered":"<p>Wir bieten alle Architekturleistungen an \u2013 von der ersten Planung bis zur Ausschreibung und \u00f6rtlichen Bau\u00fcberwachung.<\/p>\n","protected":false},"author":9,"featured_media":0,"parent":79179,"menu_order":0,"comment_status":"closed","ping_status":"closed","template":"","meta":{"_acf_changed":false,"inline_featured_image":false,"footnotes":""},"class_list":["post-80344","page","type-page","status-publish","hentry"],"acf":[],"_links":{"self":[{"href":"https:\/\/www.hkarchitekten.at\/v80\/de\/wp-json\/wp\/v2\/pages\/80344","targetHints":{"allow":["GET"]}}],"collection":[{"href":"https:\/\/www.hkarchitekten.at\/v80\/de\/wp-json\/wp\/v2\/pages"}],"about":[{"href":"https:\/\/www.hkarchitekten.at\/v80\/de\/wp-json\/wp\/v2\/types\/page"}],"author":[{"embeddable":true,"href":"https:\/\/www.hkarchitekten.at\/v80\/de\/wp-json\/wp\/v2\/users\/9"}],"replies":[{"embeddable":true,"href":"https:\/\/www.hkarchitekten.at\/v80\/de\/wp-json\/wp\/v2\/comments?post=80344"}],"version-history":[{"count":4,"href":"https:\/\/www.hkarchitekten.at\/v80\/de\/wp-json\/wp\/v2\/pages\/80344\/revisions"}],"predecessor-version":[{"id":92058,"href":"https:\/\/www.hkarchitekten.at\/v80\/de\/wp-json\/wp\/v2\/pages\/80344\/revisions\/92058"}],"up":[{"embeddable":true,"href":"https:\/\/www.hkarchitekten.at\/v80\/de\/wp-json\/wp\/v2\/pages\/79179"}],"wp:attachment":[{"href":"https:\/\/www.hkarchitekten.at\/v80\/de\/wp-json\/wp\/v2\/media?parent=80344"}],"curies":[{"name":"wp","href":"https:\/\/api.w.org\/{rel}","templated":true}]}}